

{"id":21647,"date":"2024-01-05T12:33:06","date_gmt":"2024-01-05T17:33:06","guid":{"rendered":"https:\/\/simmerdown.house\/instrucciones-habitacion-kaya\/"},"modified":"2024-07-16T00:26:02","modified_gmt":"2024-07-16T05:26:02","slug":"instrucoes-da-sala-kaya","status":"publish","type":"page","link":"https:\/\/simmerdown.house\/pt-br\/instrucciones\/instrucoes-da-sala-kaya\/","title":{"rendered":"Instru\u00e7\u00f5es da sala Kaya"},"content":{"rendered":"","protected":true},"excerpt":{"rendered":"","protected":true},"author":1,"featured_media":21175,"parent":25658,"menu_order":0,"comment_status":"closed","ping_status":"closed","template":"","meta":{"_acf_changed":false,"footnotes":""},"class_list":["post-21647","page","type-page","status-publish","post-password-required","hentry"],"acf":[],"yoast_head":"<!-- This site is optimized with the Yoast SEO plugin v27.5 - https:\/\/yoast.com\/product\/yoast-seo-wordpress\/ -->\n<title>Instru\u00e7\u00f5es da sala Kaya no Simmer Down Guest House<\/title>\n<meta name=\"description\" content=\"Encontre sua acomoda\u00e7\u00e3o na Simmer Down Guest House\" \/>\n<meta name=\"robots\" content=\"index, follow, max-snippet:-1, max-image-preview:large, max-video-preview:-1\" \/>\n<link rel=\"canonical\" href=\"https:\/\/simmerdown.house\/pt-br\/instrucciones\/instrucoes-da-sala-kaya\/\" \/>\n<meta property=\"og:locale\" content=\"pt_BR\" \/>\n<meta property=\"og:type\" content=\"article\" \/>\n<meta property=\"og:title\" content=\"Instru\u00e7\u00f5es da sala Kaya no Simmer Down Guest House\" \/>\n<meta property=\"og:description\" content=\"Encontre sua acomoda\u00e7\u00e3o na Simmer Down Guest House\" \/>\n<meta property=\"og:url\" content=\"https:\/\/simmerdown.house\/pt-br\/instrucciones\/instrucoes-da-sala-kaya\/\" \/>\n<meta property=\"og:site_name\" content=\"Simmer Down Guest House\" \/>\n<meta property=\"article:publisher\" content=\"https:\/\/www.facebook.com\/simmerdown.guesthouse\" \/>\n<meta property=\"article:modified_time\" content=\"2024-07-16T05:26:02+00:00\" \/>\n<meta name=\"twitter:card\" content=\"summary_large_image\" \/>\n<meta name=\"twitter:label1\" content=\"Est. tempo de leitura\" \/>\n\t<meta name=\"twitter:data1\" content=\"47 minutos\" \/>\n<script type=\"application\/ld+json\" class=\"yoast-schema-graph\">{\"@context\":\"https:\\\/\\\/schema.org\",\"@graph\":[{\"@type\":\"WebPage\",\"@id\":\"https:\\\/\\\/simmerdown.house\\\/pt-br\\\/instrucciones\\\/instrucoes-da-sala-kaya\\\/\",\"url\":\"https:\\\/\\\/simmerdown.house\\\/pt-br\\\/instrucciones\\\/instrucoes-da-sala-kaya\\\/\",\"name\":\"Instru\u00e7\u00f5es da sala Kaya no Simmer Down Guest House\",\"isPartOf\":{\"@id\":\"https:\\\/\\\/simmerdown.house\\\/pt-br\\\/#website\"},\"datePublished\":\"2024-01-05T17:33:06+00:00\",\"dateModified\":\"2024-07-16T05:26:02+00:00\",\"breadcrumb\":{\"@id\":\"https:\\\/\\\/simmerdown.house\\\/pt-br\\\/instrucciones\\\/instrucoes-da-sala-kaya\\\/#breadcrumb\"},\"inLanguage\":\"pt-BR\"},{\"@type\":\"WebSite\",\"@id\":\"https:\\\/\\\/simmerdown.house\\\/pt-br\\\/#website\",\"url\":\"https:\\\/\\\/simmerdown.house\\\/pt-br\\\/\",\"name\":\"Simmer Down Guest House\",\"description\":\"Apartamentos en San Andr\u00e9s\",\"publisher\":{\"@id\":\"https:\\\/\\\/simmerdown.house\\\/pt-br\\\/#organization\"},\"alternateName\":\"Simmer Down\",\"potentialAction\":[{\"@type\":\"SearchAction\",\"target\":{\"@type\":\"EntryPoint\",\"urlTemplate\":\"https:\\\/\\\/simmerdown.house\\\/pt-br\\\/?s={search_term_string}\"},\"query-input\":{\"@type\":\"PropertyValueSpecification\",\"valueRequired\":true,\"valueName\":\"search_term_string\"}}],\"inLanguage\":\"pt-BR\"},{\"@type\":\"Organization\",\"@id\":\"https:\\\/\\\/simmerdown.house\\\/pt-br\\\/#organization\",\"name\":\"Simmer Down Guest House\",\"alternateName\":\"Simmer Down\",\"url\":\"https:\\\/\\\/simmerdown.house\\\/pt-br\\\/\",\"logo\":{\"@type\":\"ImageObject\",\"inLanguage\":\"pt-BR\",\"@id\":\"https:\\\/\\\/simmerdown.house\\\/pt-br\\\/#\\\/schema\\\/logo\\\/image\\\/\",\"url\":\"https:\\\/\\\/simmerdown.house\\\/wp-content\\\/uploads\\\/2021\\\/10\\\/fav-icon-logo.png\",\"contentUrl\":\"https:\\\/\\\/simmerdown.house\\\/wp-content\\\/uploads\\\/2021\\\/10\\\/fav-icon-logo.png\",\"width\":200,\"height\":164,\"caption\":\"Simmer Down Guest House\"},\"image\":{\"@id\":\"https:\\\/\\\/simmerdown.house\\\/pt-br\\\/#\\\/schema\\\/logo\\\/image\\\/\"},\"sameAs\":[\"https:\\\/\\\/www.facebook.com\\\/simmerdown.guesthouse\",\"https:\\\/\\\/www.instagram.com\\\/simmerdown.guest_house\\\/\"]}]}<\/script>\n<!-- \/ Yoast SEO plugin. -->","yoast_head_json":{"title":"Instru\u00e7\u00f5es da sala Kaya no Simmer Down Guest House","description":"Encontre sua acomoda\u00e7\u00e3o na Simmer Down Guest House","robots":{"index":"index","follow":"follow","max-snippet":"max-snippet:-1","max-image-preview":"max-image-preview:large","max-video-preview":"max-video-preview:-1"},"canonical":"https:\/\/simmerdown.house\/pt-br\/instrucciones\/instrucoes-da-sala-kaya\/","og_locale":"pt_BR","og_type":"article","og_title":"Instru\u00e7\u00f5es da sala Kaya no Simmer Down Guest House","og_description":"Encontre sua acomoda\u00e7\u00e3o na Simmer Down Guest House","og_url":"https:\/\/simmerdown.house\/pt-br\/instrucciones\/instrucoes-da-sala-kaya\/","og_site_name":"Simmer Down Guest House","article_publisher":"https:\/\/www.facebook.com\/simmerdown.guesthouse","article_modified_time":"2024-07-16T05:26:02+00:00","twitter_card":"summary_large_image","twitter_misc":{"Est. tempo de leitura":"47 minutos"},"schema":{"@context":"https:\/\/schema.org","@graph":[{"@type":"WebPage","@id":"https:\/\/simmerdown.house\/pt-br\/instrucciones\/instrucoes-da-sala-kaya\/","url":"https:\/\/simmerdown.house\/pt-br\/instrucciones\/instrucoes-da-sala-kaya\/","name":"Instru\u00e7\u00f5es da sala Kaya no Simmer Down Guest House","isPartOf":{"@id":"https:\/\/simmerdown.house\/pt-br\/#website"},"datePublished":"2024-01-05T17:33:06+00:00","dateModified":"2024-07-16T05:26:02+00:00","breadcrumb":{"@id":"https:\/\/simmerdown.house\/pt-br\/instrucciones\/instrucoes-da-sala-kaya\/#breadcrumb"},"inLanguage":"pt-BR"},{"@type":"WebSite","@id":"https:\/\/simmerdown.house\/pt-br\/#website","url":"https:\/\/simmerdown.house\/pt-br\/","name":"Simmer Down Guest House","description":"Apartamentos en San Andr\u00e9s","publisher":{"@id":"https:\/\/simmerdown.house\/pt-br\/#organization"},"alternateName":"Simmer Down","potentialAction":[{"@type":"SearchAction","target":{"@type":"EntryPoint","urlTemplate":"https:\/\/simmerdown.house\/pt-br\/?s={search_term_string}"},"query-input":{"@type":"PropertyValueSpecification","valueRequired":true,"valueName":"search_term_string"}}],"inLanguage":"pt-BR"},{"@type":"Organization","@id":"https:\/\/simmerdown.house\/pt-br\/#organization","name":"Simmer Down Guest House","alternateName":"Simmer Down","url":"https:\/\/simmerdown.house\/pt-br\/","logo":{"@type":"ImageObject","inLanguage":"pt-BR","@id":"https:\/\/simmerdown.house\/pt-br\/#\/schema\/logo\/image\/","url":"https:\/\/simmerdown.house\/wp-content\/uploads\/2021\/10\/fav-icon-logo.png","contentUrl":"https:\/\/simmerdown.house\/wp-content\/uploads\/2021\/10\/fav-icon-logo.png","width":200,"height":164,"caption":"Simmer Down Guest House"},"image":{"@id":"https:\/\/simmerdown.house\/pt-br\/#\/schema\/logo\/image\/"},"sameAs":["https:\/\/www.facebook.com\/simmerdown.guesthouse","https:\/\/www.instagram.com\/simmerdown.guest_house\/"]}]}},"_links":{"self":[{"href":"https:\/\/simmerdown.house\/pt-br\/wp-json\/wp\/v2\/pages\/21647","targetHints":{"allow":["GET"]}}],"collection":[{"href":"https:\/\/simmerdown.house\/pt-br\/wp-json\/wp\/v2\/pages"}],"about":[{"href":"https:\/\/simmerdown.house\/pt-br\/wp-json\/wp\/v2\/types\/page"}],"author":[{"embeddable":true,"href":"https:\/\/simmerdown.house\/pt-br\/wp-json\/wp\/v2\/users\/1"}],"replies":[{"embeddable":true,"href":"https:\/\/simmerdown.house\/pt-br\/wp-json\/wp\/v2\/comments?post=21647"}],"version-history":[{"count":6,"href":"https:\/\/simmerdown.house\/pt-br\/wp-json\/wp\/v2\/pages\/21647\/revisions"}],"predecessor-version":[{"id":25660,"href":"https:\/\/simmerdown.house\/pt-br\/wp-json\/wp\/v2\/pages\/21647\/revisions\/25660"}],"up":[{"embeddable":true,"href":"https:\/\/simmerdown.house\/pt-br\/wp-json\/wp\/v2\/pages\/25658"}],"wp:featuredmedia":[{"embeddable":true,"href":"https:\/\/simmerdown.house\/pt-br\/wp-json\/wp\/v2\/media\/21175"}],"wp:attachment":[{"href":"https:\/\/simmerdown.house\/pt-br\/wp-json\/wp\/v2\/media?parent=21647"}],"curies":[{"name":"wp","href":"https:\/\/api.w.org\/{rel}","templated":true}]}}